{"id":915,"date":"2023-10-04T12:29:13","date_gmt":"2023-10-04T12:29:13","guid":{"rendered":"https:\/\/plantpowerproducts.com\/a-propos-de-nous\/"},"modified":"2025-05-27T13:39:07","modified_gmt":"2025-05-27T13:39:07","slug":"a-propos-de-nous","status":"publish","type":"page","link":"https:\/\/plantpowerproducts.com\/fr\/a-propos-de-nous\/","title":{"rendered":"A propos de nous"},"content":{"rendered":"\n<h2 class=\"wp-block-heading\">La cr\u00e9ation de Hamerol<\/h2>\n\n\n\n<p>Des essais ont \u00e9t\u00e9 men\u00e9s sur des pommes de terre de semence pour d\u00e9terminer si le chitosane exer\u00e7ait \u00e9galement cet effet antimicrobien sur les cultures agricoles. Cela s\u2019est av\u00e9r\u00e9 exact\u202f! Les plantes \u00e9taient plus r\u00e9sistantes aux attaques fongiques, ce qui a conduit \u00e0 une augmentation des rendements.<\/p>\n\n\n\n<p>Le potentiel du chitosane dans la culture de pommes de terre a rapidement \u00e9t\u00e9 reconnu et les agriculteurs ont manifest\u00e9 leur int\u00e9r\u00eat pour son utilisation. Le produit a donc \u00e9t\u00e9 commercialis\u00e9 au d\u00e9but des ann\u00e9es 1990 sous la marque Hamerol.<\/p>\n\n\n\n<p>Cependant, la solubilit\u00e9 du produit posait encore probl\u00e8me \u00e0 l\u2019\u00e9poque. C\u2019est la raison pour laquelle Hamerol n\u2019a pas \u00e9t\u00e9 vendu pendant un certain temps, jusqu\u2019\u00e0 ce qu\u2019une solution soit trouv\u00e9e. D\u00e8s lors, Hamerol a pu \u00eatre appliqu\u00e9 facilement via des pulv\u00e9risateurs agricoles. Le produit a ensuite \u00e9t\u00e9 perfectionn\u00e9, augmentant ainsi son efficacit\u00e9. Le nom est rest\u00e9 inchang\u00e9 au fil des ans, mais la version actuelle est une am\u00e9lioration majeure de celle lanc\u00e9e il y a plus de 30 ans. On ne peut l\u2019affirmer avec certitude, mais il est possible que Hamerol ait \u00e9t\u00e9 le tout premier produit \u00e0 base de chitosane destin\u00e9 \u00e0 l\u2019agriculture.<\/p>\n\n\n\n<p>Plant Power Products poursuit ses recherches pour d\u00e9velopper de nouvelles formulations et applications \u00e0 base de chitosane, afin de contribuer aux d\u00e9fis environnementaux que rencontre le secteur agricole.<\/p>\n\n\n\n<p class=\"teampage\"><a href=\"https:\/\/plantpowerproducts.com\/fr\/contact\/\" data-type=\"page\" data-id=\"390\"><strong>Contactez nous<\/strong><\/a><\/p>\n","protected":false},"excerpt":{"rendered":"<p>La cr\u00e9ation de Hamerol Des essais ont \u00e9t\u00e9 men\u00e9s sur des pommes de terre de semence pour d\u00e9terminer si le [&hellip;]<\/p>\n","protected":false},"author":1,"featured_media":1224,"parent":0,"menu_order":0,"comment_status":"closed","ping_status":"closed","template":"","meta":{"_acf_changed":false,"_seopress_robots_primary_cat":"","_seopress_titles_title":"","_seopress_titles_desc":"","_seopress_robots_index":"","footnotes":""},"class_list":["post-915","page","type-page","status-publish","has-post-thumbnail","hentry"],"acf":[],"_links":{"self":[{"href":"https:\/\/plantpowerproducts.com\/fr\/wp-json\/wp\/v2\/pages\/915","targetHints":{"allow":["GET"]}}],"collection":[{"href":"https:\/\/plantpowerproducts.com\/fr\/wp-json\/wp\/v2\/pages"}],"about":[{"href":"https:\/\/plantpowerproducts.com\/fr\/wp-json\/wp\/v2\/types\/page"}],"author":[{"embeddable":true,"href":"https:\/\/plantpowerproducts.com\/fr\/wp-json\/wp\/v2\/users\/1"}],"replies":[{"embeddable":true,"href":"https:\/\/plantpowerproducts.com\/fr\/wp-json\/wp\/v2\/comments?post=915"}],"version-history":[{"count":0,"href":"https:\/\/plantpowerproducts.com\/fr\/wp-json\/wp\/v2\/pages\/915\/revisions"}],"wp:featuredmedia":[{"embeddable":true,"href":"https:\/\/plantpowerproducts.com\/fr\/wp-json\/wp\/v2\/media\/1224"}],"wp:attachment":[{"href":"https:\/\/plantpowerproducts.com\/fr\/wp-json\/wp\/v2\/media?parent=915"}],"curies":[{"name":"wp","href":"https:\/\/api.w.org\/{rel}","templated":true}]}}