{"id":903,"date":"2023-12-11T13:52:47","date_gmt":"2023-12-11T13:52:47","guid":{"rendered":"https:\/\/plantpowerproducts.com\/politique-de-confidentialite\/"},"modified":"2023-12-16T17:23:32","modified_gmt":"2023-12-16T17:23:32","slug":"politique-de-confidentialite","status":"publish","type":"page","link":"https:\/\/plantpowerproducts.com\/fr\/politique-de-confidentialite\/","title":{"rendered":"Politique de confidentialit\u00e9"},"content":{"rendered":"\n<p>Date d\u2019entr\u00e9e en vigueur : 31 juillet 2020<\/p>\n\n<p>Plant Power Products (\u00ab nous \u00bb, \u00ab notre \u00bb ou \u00ab nos \u00bb) exploite le site Web www.plantpowerproducts.nl (le \u00ab Service \u00bb).<\/p>\n\n<p>Cette page vous informe de nos politiques concernant la collecte, l\u2019utilisation et la divulgation de donn\u00e9es personnelles lorsque vous utilisez notre Service et des choix que vous avez associ\u00e9s \u00e0 ces donn\u00e9es.<\/p>\n\n<p>Nous utilisons vos donn\u00e9es pour fournir et am\u00e9liorer le Service. En utilisant le Service, vous acceptez la collecte et l\u2019utilisation des informations conform\u00e9ment \u00e0 la pr\u00e9sente politique. Sauf d\u00e9finition contraire dans la pr\u00e9sente politique de confidentialit\u00e9, les termes utilis\u00e9s dans la pr\u00e9sente politique de confidentialit\u00e9 ont la m\u00eame signification que dans nos conditions g\u00e9n\u00e9rales, accessibles \u00e0 l\u2019adresse www.plantpowerproducts.nl.  <\/p>\n\n<p><strong>Collecte et utilisation des informations<\/strong><\/p>\n\n<p>Nous recueillons plusieurs types d\u2019informations \u00e0 des fins diverses pour vous fournir et am\u00e9liorer notre service.<\/p>\n\n<p><strong>Types de donn\u00e9es collect\u00e9es<\/strong><\/p>\n\n<p><strong>Donn\u00e9es personnelles<\/strong><\/p>\n\n<p>Lors de l\u2019utilisation de notre Service, nous pouvons vous demander de nous fournir certaines informations personnellement identifiables qui peuvent \u00eatre utilis\u00e9es pour vous contacter ou vous identifier (\u00ab Donn\u00e9es personnelles \u00bb). Les informations personnellement identifiables peuvent inclure, mais ne sont pas limit\u00e9es \u00e0 : <\/p>\n\n<ul class=\"wp-block-list\">\n<li>l\u2019adresse \u00e9lectronique<\/li>\n\n\n\n<li>Pr\u00e9nom et nom de famille<\/li>\n\n\n\n<li>le num\u00e9ro de t\u00e9l\u00e9phone<\/li>\n\n\n\n<li>adresse, \u00c9tat, province, code postal, ville.<\/li>\n\n\n\n<li>Cookies et donn\u00e9es d\u2019utilisation<\/li>\n<\/ul>\n\n<p><strong>Donn\u00e9es d\u2019utilisation<\/strong><\/p>\n\n<p>Nous pouvons \u00e9galement recueillir des informations sur la mani\u00e8re dont le service est consult\u00e9 et utilis\u00e9 (\u00ab donn\u00e9es d\u2019utilisation \u00bb). Ces donn\u00e9es d\u2019utilisation peuvent inclure des informations telles que l\u2019adresse de protocole Internet (par exemple, l\u2019adresse IP) de votre ordinateur, le type de navigateur, la version du navigateur, les pages de notre service que vous visitez, l\u2019heure et la date de votre visite, le temps pass\u00e9 sur ces pages, les identifiants uniques des appareils et d\u2019autres donn\u00e9es de diagnostic. <\/p>\n\n<p><strong>Donn\u00e9es de suivi et cookies<\/strong><\/p>\n\n<p>Nous utilisons des cookies et des technologies de suivi similaires pour suivre l\u2019activit\u00e9 sur notre Service et conserver certaines informations.<\/p>\n\n<p>Les cookies sont des fichiers contenant une petite quantit\u00e9 de donn\u00e9es qui peuvent inclure un identifiant unique anonyme. Les cookies sont envoy\u00e9s \u00e0 votre navigateur depuis un site web et stock\u00e9s sur votre appareil. Les technologies de suivi \u00e9galement utilis\u00e9es sont les balises, les marqueurs et les scripts pour recueillir et suivre des informations et pour am\u00e9liorer et analyser notre service.  <\/p>\n\n<p>Vous pouvez demander \u00e0 votre navigateur de refuser tous les cookies ou d\u2019indiquer quand un cookie est envoy\u00e9. Toutefois, si vous n\u2019acceptez pas les cookies, il se peut que vous ne puissiez pas utiliser certaines parties de notre service. <\/p>\n\n<p><strong>Utilisation des donn\u00e9es<\/strong><\/p>\n\n<p>Plant Power Products utilise les donn\u00e9es collect\u00e9es \u00e0 diverses fins:<\/p>\n\n<ul class=\"wp-block-list\">\n<li>Pour fournir et maintenir le Service<\/li>\n\n\n\n<li>Pour vous informer des changements apport\u00e9s \u00e0 notre Service<\/li>\n\n\n\n<li>Pour vous permettre de participer aux fonctions interactives de notre Service lorsque vous choisissez de le faire.<\/li>\n\n\n\n<li>fournir un service et une assistance \u00e0 la client\u00e8le<\/li>\n\n\n\n<li>fournir des analyses ou des informations pr\u00e9cieuses afin d\u2019am\u00e9liorer le service<\/li>\n\n\n\n<li>surveiller l\u2019utilisation du service<\/li>\n\n\n\n<li>d\u00e9tecter, pr\u00e9venir et r\u00e9soudre les probl\u00e8mes techniques.<\/li>\n<\/ul>\n\n<p><strong>Transfert de donn\u00e9es<\/strong><\/p>\n\n<p>Vos informations, y compris les donn\u00e9es personnelles, peuvent \u00eatre transf\u00e9r\u00e9es et conserv\u00e9es sur des ordinateurs situ\u00e9s en dehors de votre \u00c9tat, province, pays ou autre juridiction gouvernementale o\u00f9 les lois sur la protection des donn\u00e9es peuvent diff\u00e9rer de celles de votre juridiction.<\/p>\n\n<p>Si vous \u00eates situ\u00e9 en dehors des Pays-Bas et que vous choisissez de nous fournir des informations, veuillez noter que nous transf\u00e9rons les donn\u00e9es, y compris les donn\u00e9es personnelles, aux Pays-Bas et les traitons dans ce pays.<\/p>\n\n<p>Votre consentement \u00e0 la pr\u00e9sente politique de confidentialit\u00e9, suivi de votre soumission de ces informations, repr\u00e9sente votre accord \u00e0 ce transfert.<\/p>\n\n<p>Plant Power Products prendra toutes les mesures raisonnablement n\u00e9cessaires pour s\u2019assurer que vos donn\u00e9es sont trait\u00e9es en toute s\u00e9curit\u00e9 et conform\u00e9ment \u00e0 la pr\u00e9sente Politique de confidentialit\u00e9 et aucun transfert de vos Donn\u00e9es personnelles n\u2019aura lieu vers une organisation ou un pays \u00e0 moins qu\u2019il n\u2019y ait des contr\u00f4les ad\u00e9quats en place, y compris la s\u00e9curit\u00e9 de vos donn\u00e9es et autres informations personnelles.<\/p>\n\n<p><strong>Divulgation des donn\u00e9es<\/strong><\/p>\n\n<p><strong>Exigences l\u00e9gales<\/strong><\/p>\n\n<p>Plant Power Products peut divulguer vos Donn\u00e9es Personnelles en croyant de bonne foi qu\u2019une telle action est n\u00e9cessaire pour:<\/p>\n\n<ul class=\"wp-block-list\">\n<li>Se conformer \u00e0 une obligation l\u00e9gale<\/li>\n\n\n\n<li>prot\u00e9ger et d\u00e9fendre les droits ou la propri\u00e9t\u00e9 de Plant Power Products<\/li>\n\n\n\n<li>pr\u00e9venir ou enqu\u00eater sur d\u2019\u00e9ventuels actes r\u00e9pr\u00e9hensibles en rapport avec le service<\/li>\n\n\n\n<li>prot\u00e9ger la s\u00e9curit\u00e9 personnelle des utilisateurs du Service ou du public<\/li>\n\n\n\n<li>se prot\u00e9ger contre toute responsabilit\u00e9 l\u00e9gale.<\/li>\n<\/ul>\n\n<p><strong>S\u00e9curit\u00e9 des donn\u00e9es<\/strong><\/p>\n\n<p>La s\u00e9curit\u00e9 de vos donn\u00e9es est importante pour nous, mais n\u2019oubliez pas qu\u2019aucune m\u00e9thode de transmission sur Internet ou de stockage \u00e9lectronique n\u2019est s\u00fbre \u00e0 100%. Bien que nous nous efforcions d\u2019utiliser des moyens commercialement acceptables pour prot\u00e9ger vos donn\u00e9es personnelles, nous ne pouvons pas garantir leur s\u00e9curit\u00e9 absolue.<\/p>\n\n<p><strong>Prestataires de services<\/strong><\/p>\n\n<p>Nous pouvons employer des soci\u00e9t\u00e9s et des personnes tierces pour faciliter notre Service (les \u00ab Fournisseurs de services \u00bb), pour fournir le Service en notre nom, pour ex\u00e9cuter des services li\u00e9s au Service ou pour nous aider \u00e0 analyser la fa\u00e7on dont notre Service est utilis\u00e9.<\/p>\n\n<p>Ces tiers ont acc\u00e8s \u00e0 vos Donn\u00e9es personnelles uniquement pour effectuer ces t\u00e2ches en notre nom et sont tenus de ne pas les divulguer ou les utiliser \u00e0 d\u2019autres fins.<\/p>\n\n<p><strong>Analyses<\/strong><\/p>\n\n<p>Nous pouvons faire appel \u00e0 des fournisseurs de services tiers pour surveiller et analyser l\u2019utilisation de notre Service.<\/p>\n\n<p><strong>Liens vers d\u2019autres sites<\/strong><\/p>\n\n<p>Notre service peut contenir des liens vers d\u2019autres sites qui ne sont pas exploit\u00e9s par nous. Si vous cliquez sur un lien tiers, vous serez dirig\u00e9 vers le site de ce tiers. Nous vous conseillons vivement d\u2019examiner la politique de confidentialit\u00e9 de chaque site que vous visitez.<\/p>\n\n<p>Nous n\u2019avons aucun contr\u00f4le et n\u2019assumons aucune responsabilit\u00e9 quant au contenu, aux politiques de confidentialit\u00e9 ou aux pratiques de tout site ou service tiers.<\/p>\n\n<p><strong>Vie priv\u00e9e des enfants<\/strong><\/p>\n\n<p>Notre service ne s\u2019adresse pas aux personnes \u00e2g\u00e9es de moins de 18 ans (\u00ab Enfants \u00bb).<\/p>\n\n<p>Nous ne recueillons pas sciemment d\u2019informations personnellement identifiables aupr\u00e8s de personnes \u00e2g\u00e9es de moins de 18 ans. Si vous \u00eates un parent ou un tuteur et que vous savez que vos enfants nous ont fourni des donn\u00e9es personnelles, veuillez nous contacter. Si nous nous rendons compte que nous avons collect\u00e9 des donn\u00e9es personnelles aupr\u00e8s d\u2019enfants sans v\u00e9rification du consentement parental, nous prenons des mesures pour supprimer ces informations de nos serveurs.<\/p>\n\n<p><strong>Modifications de la pr\u00e9sente politique de confidentialit\u00e9<\/strong><\/p>\n\n<p>Nous pouvons mettre \u00e0 jour notre politique de confidentialit\u00e9 de temps \u00e0 autre. Nous vous informerons de toute modification en publiant la nouvelle politique de confidentialit\u00e9 sur cette page.<\/p>\n\n<p>Nous vous en informerons par le biais d\u2019un avis bien visible sur notre Service, avant que la modification ne prenne effet et nous mettrons \u00e0 jour la \u00ab date d\u2019entr\u00e9e en vigueur \u00bb en haut de la pr\u00e9sente Politique de confidentialit\u00e9.<\/p>\n\n<p>Nous vous conseillons de consulter r\u00e9guli\u00e8rement la pr\u00e9sente politique de confidentialit\u00e9 pour prendre connaissance des modifications \u00e9ventuelles. Les modifications apport\u00e9es \u00e0 la pr\u00e9sente politique de confidentialit\u00e9 entrent en vigueur lorsqu\u2019elles sont publi\u00e9es sur cette page.<\/p>\n\n<p><strong>Nous contacter<\/strong><\/p>\n\n<p>Si vous avez des questions sur cette politique de confidentialit\u00e9, veuillez nous contacter par e-mail: <a href=\"mailto:info@plantpowerproducts.nl?subject=Reactie vanaf de website\" itemprop=\"email\" rel=\"norefferer\" style=\"text-decoration: none;\" target=\"_blank\">info@plantpowerproducts.nl<\/a>\r\n <a href=\"mailto:info@plantpowerproducts.nl?subject=Reactie vanaf de website\" itemprop=\"email\" rel=\"norefferer\" style=\"text-decoration: none;\" target=\"_blank\">info@plantpowerproducts.nl<\/a>\r\n<\/p>\n","protected":false},"excerpt":{"rendered":"<p>Date d\u2019entr\u00e9e en vigueur : 31 juillet 2020 Plant Power Products (\u00ab nous \u00bb, \u00ab notre \u00bb ou \u00ab nos [&hellip;]<\/p>\n","protected":false},"author":1,"featured_media":778,"parent":0,"menu_order":0,"comment_status":"closed","ping_status":"closed","template":"","meta":{"_acf_changed":false,"_seopress_robots_primary_cat":"","_seopress_titles_title":"","_seopress_titles_desc":"","_seopress_robots_index":"","footnotes":""},"class_list":["post-903","page","type-page","status-publish","has-post-thumbnail","hentry"],"acf":[],"_links":{"self":[{"href":"https:\/\/plantpowerproducts.com\/fr\/wp-json\/wp\/v2\/pages\/903","targetHints":{"allow":["GET"]}}],"collection":[{"href":"https:\/\/plantpowerproducts.com\/fr\/wp-json\/wp\/v2\/pages"}],"about":[{"href":"https:\/\/plantpowerproducts.com\/fr\/wp-json\/wp\/v2\/types\/page"}],"author":[{"embeddable":true,"href":"https:\/\/plantpowerproducts.com\/fr\/wp-json\/wp\/v2\/users\/1"}],"replies":[{"embeddable":true,"href":"https:\/\/plantpowerproducts.com\/fr\/wp-json\/wp\/v2\/comments?post=903"}],"version-history":[{"count":0,"href":"https:\/\/plantpowerproducts.com\/fr\/wp-json\/wp\/v2\/pages\/903\/revisions"}],"wp:featuredmedia":[{"embeddable":true,"href":"https:\/\/plantpowerproducts.com\/fr\/wp-json\/wp\/v2\/media\/778"}],"wp:attachment":[{"href":"https:\/\/plantpowerproducts.com\/fr\/wp-json\/wp\/v2\/media?parent=903"}],"curies":[{"name":"wp","href":"https:\/\/api.w.org\/{rel}","templated":true}]}}