{"id":1463,"date":"2023-12-22T11:27:07","date_gmt":"2023-12-22T11:27:07","guid":{"rendered":"https:\/\/plantpowerproducts.com\/?page_id=1463"},"modified":"2024-01-15T11:16:37","modified_gmt":"2024-01-15T11:16:37","slug":"informations-techniques-sur-la-chitosane","status":"publish","type":"page","link":"https:\/\/plantpowerproducts.com\/fr\/informations-techniques-sur-la-chitosane\/","title":{"rendered":"Informations techniques sur la chitosane"},"content":{"rendered":"\n<h2 class=\"wp-block-heading\">Enrobage des graines ou des tubercules avec une solution de Hamerol<\/h2>\n\n\n\n<p>La chitosane facilite la croissance des plantes en augmentant l&rsquo;absorption et la disponibilit\u00e9 de l&rsquo;eau et des nutriments essentiels en ajustant la pression osmotique \u00e0 l&rsquo;int\u00e9rieur des cellules. La chitosane a un effet positif en formant un film semi-perm\u00e9able \u00e0 la surface de la graine, ce qui aide \u00e0 retenir l&rsquo;humidit\u00e9 \u00e0 l&rsquo;int\u00e9rieur de la graine et permet une absorption suppl\u00e9mentaire d&rsquo;humidit\u00e9 du sol, favorisant la germination des graines. La chitosane active des enzymes hydrolytiques (telles que la prot\u00e9ase et l&rsquo;amylase) n\u00e9cessaires pour d\u00e9composer et mobiliser les r\u00e9serves alimentaires telles que l&rsquo;amidon et les prot\u00e9ines. La chitosane peut favoriser la division des cellules racinaires en activant des hormones v\u00e9g\u00e9tales telles que l&rsquo;auxine et la cytokinine, ce qui entra\u00eene une augmentation de l&rsquo;absorption des nutriments du sol.<\/p>\n\n\n\n<h2 class=\"wp-block-heading\">Hamerol dans le sol<\/h2>\n\n\n\n<p>La chitosane induit la formation de connexions mycorhiziennes entre les champignons et les racines des plantes, ainsi que la symbiose entre les bact\u00e9ries fixatrices d&rsquo;azote et les racines des plantes. Avec l&rsquo;aide d&rsquo;acides et d&rsquo;enzymes, les champignons mycorhiziens dissolvent les min\u00e9raux et les \u00e9l\u00e9ments traces des particules du sol et les transmettent \u00e0 la plante. Tout au long du r\u00e9seau de fils mycorhiziens, des substances sont s\u00e9cr\u00e9t\u00e9es qui fournissent de la nourriture \u00e0 certains types de bact\u00e9ries. Cette flore bact\u00e9rienne sp\u00e9ciale (PGPR = Rhizobact\u00e9ries favorisant la croissance des plantes) lib\u00e8re \u00e0 son tour des substances capables de d\u00e9placer les agents pathog\u00e8nes autour des racines des plantes. La pr\u00e9sence de mycorhizes \u00e0 l&rsquo;int\u00e9rieur des racines signifie une comp\u00e9tition pour la nourriture et l&rsquo;espace avec d&rsquo;autres envahisseurs (moins b\u00e9n\u00e9fiques). Elle stimule \u00e9galement le syst\u00e8me de d\u00e9fense de la plante et produit des substances dans les racines qui inhibent l&rsquo;invasion et le d\u00e9veloppement des parasites racinaires. La chitosane a un effet de contr\u00f4le indirect par la stimulation de l&rsquo;antagonisme. Les micro-organismes produisant de la chitinase, capables d&rsquo;attaquer la paroi cellulaire des champignons pathog\u00e8nes, sont stimul\u00e9s par l&rsquo;ajout de chitosane. Ces bact\u00e9ries et champignons chitinolytiques peuvent neutraliser les agents pathog\u00e8nes (qui sont en partie constitu\u00e9s de chitine). Apr\u00e8s que la mol\u00e9cule de chitosane soit absorb\u00e9e par la plante, elle encourage la production d&rsquo;acide indolac\u00e9tique et d&rsquo;autres auxines et gibb\u00e9rellines, favorisant le d\u00e9veloppement des racines de la plante. Cela renforce la r\u00e9sistance de la plante \u00e0 la s\u00e9cheresse. La chitosane agit comme un ch\u00e9lateur naturel (liant) pour les m\u00e9taux et les nutriments essentiels, r\u00e9duisant ainsi la lixiviation des engrais appliqu\u00e9s. Ce processus limite la disponibilit\u00e9 des nutriments pour les bact\u00e9ries pathog\u00e8nes dans le sol.<\/p>\n\n\n\n<h2 class=\"wp-block-heading\">Hamerol sur les feuilles<\/h2>\n\n\n\n<p>La chitosane augmente le rendement des cultures dans de nombreux cas en am\u00e9liorant l&rsquo;indice de photosynth\u00e8se (en augmentant la teneur en chlorophylle dans les feuilles). La pulv\u00e9risation de chitosane am\u00e9liore la fonction stomatique des feuilles (stomates), permettant \u00e0 la plante de mieux fonctionner en conditions de s\u00e9cheresse, car les stomates restent ferm\u00e9s plus longtemps en cas de s\u00e9cheresse. Les plantes poss\u00e8dent des capteurs dans leurs feuilles qui peuvent reconna\u00eetre diverses substances, dont la chitine, car elle est le composant principal de la paroi cellulaire des champignons pathog\u00e8nes et des insectes. La pulv\u00e9risation des feuilles avec de la chitosane imite cet effet, stimulant la plante \u00e0 produire une r\u00e9ponse immunitaire (SAR = R\u00e9sistance acquise syst\u00e9mique). Les g\u00e8nes de r\u00e9sistance sont activ\u00e9s et des substances de r\u00e9sistance (hormones v\u00e9g\u00e9tales telles que l&rsquo;acide salicylique, l&rsquo;acide jasmonique et l&rsquo;\u00e9thyl\u00e8ne, ainsi que des enzymes et des prot\u00e9ines) sont produites pour neutraliser l&rsquo;agent pathog\u00e8ne.<\/p>\n\n\n\n<h2 class=\"wp-block-heading\">Effet nuisible direct de Hamerol sur les agents pathog\u00e8nes<\/h2>\n\n\n\n<p>Le m\u00e9canisme d&rsquo;action de la chitosane contre les micro-organismes implique \u00e0 la fois des effets intracellulaires et extracellulaires. Trois m\u00e9canismes principaux sont distingu\u00e9s pour l&rsquo;action inhibitrice de la chitosane :<\/p>\n\n\n\n<ul class=\"wp-block-list\">\n<li>Le groupe amino positivement charg\u00e9 de la mol\u00e9cule de chitosane r\u00e9agit avec la membrane cellulaire microbienne n\u00e9gativement charg\u00e9e, entra\u00eenant la fuite de composants prot\u00e9iques et d&rsquo;autres composants intracellulaires du micro-organisme.<\/li>\n\n\n\n<li>La chitosane agit comme un agent ch\u00e9lateur qui emp\u00eache la croissance cellulaire des micro-organismes pathog\u00e8nes en liant des \u00e9l\u00e9ments traces et des nutriments, les rendant indisponibles comme nourriture pour le pathog\u00e8ne.<\/li>\n\n\n\n<li>Le troisi\u00e8me m\u00e9canisme sugg\u00e8re que la chitosane peut interagir avec les groupes d&rsquo;ADN de l&rsquo;agent pathog\u00e8ne, ce qui affecte la production de prot\u00e9ines et d&rsquo;enzymes cruciales. De plus, la chitosane peut inhiber la fonction mitochondriale et la production d&rsquo;ATP (o\u00f9 l&rsquo;\u00e9nergie est form\u00e9e pour l&rsquo;agent pathog\u00e8ne).<\/li>\n<\/ul>\n","protected":false},"excerpt":{"rendered":"<p>Enrobage des graines ou des tubercules avec une solution de Hamerol La chitosane facilite la croissance des plantes en augmentant [&hellip;]<\/p>\n","protected":false},"author":1,"featured_media":0,"parent":0,"menu_order":0,"comment_status":"closed","ping_status":"closed","template":"","meta":{"_acf_changed":false,"_seopress_robots_primary_cat":"","_seopress_titles_title":"","_seopress_titles_desc":"","_seopress_robots_index":"","footnotes":""},"class_list":["post-1463","page","type-page","status-publish","hentry"],"acf":[],"_links":{"self":[{"href":"https:\/\/plantpowerproducts.com\/fr\/wp-json\/wp\/v2\/pages\/1463","targetHints":{"allow":["GET"]}}],"collection":[{"href":"https:\/\/plantpowerproducts.com\/fr\/wp-json\/wp\/v2\/pages"}],"about":[{"href":"https:\/\/plantpowerproducts.com\/fr\/wp-json\/wp\/v2\/types\/page"}],"author":[{"embeddable":true,"href":"https:\/\/plantpowerproducts.com\/fr\/wp-json\/wp\/v2\/users\/1"}],"replies":[{"embeddable":true,"href":"https:\/\/plantpowerproducts.com\/fr\/wp-json\/wp\/v2\/comments?post=1463"}],"version-history":[{"count":0,"href":"https:\/\/plantpowerproducts.com\/fr\/wp-json\/wp\/v2\/pages\/1463\/revisions"}],"wp:attachment":[{"href":"https:\/\/plantpowerproducts.com\/fr\/wp-json\/wp\/v2\/media?parent=1463"}],"curies":[{"name":"wp","href":"https:\/\/api.w.org\/{rel}","templated":true}]}}