{"id":953,"date":"2023-12-11T13:49:28","date_gmt":"2023-12-11T13:49:28","guid":{"rendered":"https:\/\/plantpowerproducts.com\/haftungsausschluss\/"},"modified":"2023-12-16T18:15:14","modified_gmt":"2023-12-16T18:15:14","slug":"haftungsausschluss","status":"publish","type":"page","link":"https:\/\/plantpowerproducts.com\/de\/haftungsausschluss\/","title":{"rendered":"Haftungsausschluss"},"content":{"rendered":"\n<p><strong>Im Haftungsausschluss hei\u00dft es:<\/strong><\/p>\n\n<p>Die Webseite: Diese Webseite muss einen Hyperlink zu diesem Haftungsausschluss enthalten, da dieser Haftungsausschluss nicht g\u00fcltig ist; Benutzername: Benutzername der Website; Gebr\u00e4uchlich(er): Unter mehr inladen, einloggen, opvragen, raadplegen, lezen, bekijken, beluisteren, bewerken, invullen (van formulieren), verzenden, (tijdelijk) kopieren, beware, doorzenden, verspreiden, van diensten gebruik maken, plegen van rechtshandelingen (bijv. kopen, huren); u: Von der Website aus wurde keine nat\u00fcrliche oder juristische Person erstellt; Inhalt: unter mehr Texten, Bildern, Hyperlinks, Geluiden und\/von Videofragmenten und\/von anderen Objekten; Schade: direkter oder indirekter Schaden von wem auch immer, unter mehr verlorenen Daten und verloren, gederfde omzet, winst oder anderer \u00f6konomischer Nadeel.<\/p>\n\n<p>Der Grund liegt darin, auf die Webseite zu gelangen. Auf der Website k\u00f6nnen Sie diesen Haftungsausschluss beachten. Der Inhalt der Website muss regelm\u00e4\u00dfig aktualisiert und aktualisiert werden. Wir danken Ihnen daf\u00fcr und achten darauf, dass der Inhalt der Website vollst\u00e4ndig ist. Die tats\u00e4chliche Rechte des Inhabers der Website in diesem Staat gew\u00e4hrleistet, dass dies nicht der Fall ist, unter der Garantie, dass eine Garantie f\u00fcr die Gew\u00e4hrleistung der Rechtssicherheit gegeben ist, und zwar f\u00fcr ein bezahlbares Produkt oder ein anderes Produkt. Der Inhalt ist experimentell und speziell f\u00fcr Benutzer gedacht. Das Ergebnis ist keine Antwort auf den Schaden, den Sie auf jeden Fall erhalten haben, und zwar aus einem einzigen Opzicht-Verband heraus, mit dem Sie die Website verwenden oder mit der Sie die Website aktualisieren k\u00f6nnen.      <\/p>\n\n<p>Das n\u00e4chste Mal, wenn Sie auf der Website vorbeischauen, wird Ihnen ein bestimmter Moment angezeigt, in dem Sie sich anmelden m\u00fcssen, bevor Sie wissen, was Sie wissen m\u00fcssen. Das Ergebnis ist keine Antwort auf die Frage, ob es um die Beeintr\u00e4chtigung des Eigentums geht. <br\/>Bitte beachten Sie, dass dieser Haftungsausschluss nicht g\u00fcltig ist, um die auf der Website gespeicherten Dateien anzuzeigen. Der Inhalt muss nicht \u00fcberpr\u00fcft werden. Die Autorisierung einer einzigen Person, die die Website des Benutzers verwendet, kann zu einem geistigen Eingriff in die Rechte f\u00fchren, der auf Datenschutz, Ver\u00f6ffentlichung und\/oder Kommunikation in der Regel auf der Website des Benutzers beruht. Sie haben sich f\u00fcr den Erhalt Ihrer Website entschieden. Der Benutzer muss darauf achten, dass er das Richtige f\u00fcr Sie ist, um die Website zu besuchen und die Dienste auf der Website zu verwenden. Bei der Beantwortung kann es dazu kommen, dass die Website \u00fcberwacht wird.     <br\/>Ihr Arbeitgeber, Ihre Mitarbeiter, Ihre Mitarbeiter, Lizenznehmer, Handelspartner und der Autor dieses Haftungsausschlusses sch\u00fctzen Sie vor gerechten und gesch\u00e4ftsgerechten Maatregeln, Steuern und Abgaben, einschlie\u00dflich der Kosten f\u00fcr den Rechtsbeistand, Buchhaltern und anderen. Die T\u00fcr zu dieser Seite wurde zehn Jahre sp\u00e4ter mit der Nutzung der Website in Verbindung gebracht, Ihr Einstieg in die Welke-Regelung und auch auf der rechten Seite der Seite.<\/p>\n\n<p>Dieser Haftungsausschluss liegt bei Mr. F.J. Van Eeckhoutte, ICT\/IE-rechtsanwalt, Amersfoort, Niederlande, <a href=\"https:\/\/www.vaneeckhoutteadvocaten.nl\/\" data-type=\"link\" data-id=\"https:\/\/www.vaneeckhoutteadvocaten.nl\/\" target=\"_blank\" rel=\"noreferrer noopener\">www.vaneeckhoutteadvocaten.nl<\/a> erstellt <\/p>\n","protected":false},"excerpt":{"rendered":"<p>Im Haftungsausschluss hei\u00dft es: Die Webseite: Diese Webseite muss einen Hyperlink zu diesem Haftungsausschluss enthalten, da dieser Haftungsausschluss nicht g\u00fcltig [&hellip;]<\/p>\n","protected":false},"author":1,"featured_media":779,"parent":0,"menu_order":0,"comment_status":"closed","ping_status":"closed","template":"","meta":{"_acf_changed":false,"_seopress_robots_primary_cat":"","_seopress_titles_title":"","_seopress_titles_desc":"","_seopress_robots_index":"","footnotes":""},"class_list":["post-953","page","type-page","status-publish","has-post-thumbnail","hentry"],"acf":[],"_links":{"self":[{"href":"https:\/\/plantpowerproducts.com\/de\/wp-json\/wp\/v2\/pages\/953","targetHints":{"allow":["GET"]}}],"collection":[{"href":"https:\/\/plantpowerproducts.com\/de\/wp-json\/wp\/v2\/pages"}],"about":[{"href":"https:\/\/plantpowerproducts.com\/de\/wp-json\/wp\/v2\/types\/page"}],"author":[{"embeddable":true,"href":"https:\/\/plantpowerproducts.com\/de\/wp-json\/wp\/v2\/users\/1"}],"replies":[{"embeddable":true,"href":"https:\/\/plantpowerproducts.com\/de\/wp-json\/wp\/v2\/comments?post=953"}],"version-history":[{"count":0,"href":"https:\/\/plantpowerproducts.com\/de\/wp-json\/wp\/v2\/pages\/953\/revisions"}],"wp:featuredmedia":[{"embeddable":true,"href":"https:\/\/plantpowerproducts.com\/de\/wp-json\/wp\/v2\/media\/779"}],"wp:attachment":[{"href":"https:\/\/plantpowerproducts.com\/de\/wp-json\/wp\/v2\/media?parent=953"}],"curies":[{"name":"wp","href":"https:\/\/api.w.org\/{rel}","templated":true}]}}