{"id":917,"date":"2023-10-04T12:29:13","date_gmt":"2023-10-04T12:29:13","guid":{"rendered":"https:\/\/plantpowerproducts.com\/ueber-uns\/"},"modified":"2025-05-27T13:27:45","modified_gmt":"2025-05-27T13:27:45","slug":"ueber-uns","status":"publish","type":"page","link":"https:\/\/plantpowerproducts.com\/de\/ueber-uns\/","title":{"rendered":"\u00dcber uns"},"content":{"rendered":"\n<h2 class=\"wp-block-heading\">Anwendung von Chitosan<\/h2>\n\n\n\n<p>Es wurden Versuche mit Pflanzkartoffeln durchgef\u00fchrt, um festzustellen, ob Chitosan auch in landwirtschaftlichen Kulturen diese antimikrobielle Wirkung zeigt. Und tats\u00e4chlich \u2013 die Pflanzen waren widerstandsf\u00e4higer gegen Pilzbefall und erzielten h\u00f6here Ertr\u00e4ge.<\/p>\n\n\n\n<p>Da schnell bekannt wurde, welche Wirkung Chitosan im Kartoffelanbau hatte und Landwirte das Produkt anwenden wollten, wurde es Anfang der 1990er-Jahre unter dem Markennamen <em>Hamerol<\/em> auf den Markt gebracht.<\/p>\n\n\n\n<p>Die L\u00f6slichkeit des Produkts stellte damals jedoch ein Problem dar. Aus diesem Grund wurde das Produkt \u00fcber l\u00e4ngere Zeit nicht verkauft, bis eine L\u00f6sung f\u00fcr dieses Problem gefunden wurde. Danach konnte Hamerol problemlos \u00fcber Spritzger\u00e4te angewendet werden. Das Produkt wurde daraufhin weiterentwickelt, wodurch die Wirksamkeit noch verbessert wurde.<\/p>\n\n\n\n<p>Obwohl der Name \u00fcber all die Jahre gleich geblieben ist, handelt es sich beim heutigen Produkt um eine stark verbesserte Version des urspr\u00fcnglichen Hamerol von vor \u00fcber 30 Jahren. Es l\u00e4sst sich nicht mit Sicherheit sagen, aber es ist gut m\u00f6glich, dass Hamerol das erste Produkt f\u00fcr die Land- und Gartenbauindustrie auf Basis von Chitosan war.<\/p>\n\n\n\n<p>Plant Power Products forscht weiterhin an neuen Formulierungen und Anwendungsm\u00f6glichkeiten auf Basis von Chitosan, um zur Herausforderung der Agrarbranche beizutragen, die Umweltbelastung weiter zu reduzieren.<\/p>\n\n\n\n<p><a href=\"https:\/\/plantpowerproducts.com\/de\/kontakt\/\" data-type=\"page\" data-id=\"390\"><strong>Kontaktiere uns<\/strong><\/a><\/p>\n","protected":false},"excerpt":{"rendered":"<p>Anwendung von Chitosan Es wurden Versuche mit Pflanzkartoffeln durchgef\u00fchrt, um festzustellen, ob Chitosan auch in landwirtschaftlichen Kulturen diese antimikrobielle Wirkung [&hellip;]<\/p>\n","protected":false},"author":1,"featured_media":1225,"parent":0,"menu_order":0,"comment_status":"closed","ping_status":"closed","template":"","meta":{"_acf_changed":false,"_seopress_robots_primary_cat":"","_seopress_titles_title":"","_seopress_titles_desc":"","_seopress_robots_index":"","footnotes":""},"class_list":["post-917","page","type-page","status-publish","has-post-thumbnail","hentry"],"acf":[],"_links":{"self":[{"href":"https:\/\/plantpowerproducts.com\/de\/wp-json\/wp\/v2\/pages\/917","targetHints":{"allow":["GET"]}}],"collection":[{"href":"https:\/\/plantpowerproducts.com\/de\/wp-json\/wp\/v2\/pages"}],"about":[{"href":"https:\/\/plantpowerproducts.com\/de\/wp-json\/wp\/v2\/types\/page"}],"author":[{"embeddable":true,"href":"https:\/\/plantpowerproducts.com\/de\/wp-json\/wp\/v2\/users\/1"}],"replies":[{"embeddable":true,"href":"https:\/\/plantpowerproducts.com\/de\/wp-json\/wp\/v2\/comments?post=917"}],"version-history":[{"count":0,"href":"https:\/\/plantpowerproducts.com\/de\/wp-json\/wp\/v2\/pages\/917\/revisions"}],"wp:featuredmedia":[{"embeddable":true,"href":"https:\/\/plantpowerproducts.com\/de\/wp-json\/wp\/v2\/media\/1225"}],"wp:attachment":[{"href":"https:\/\/plantpowerproducts.com\/de\/wp-json\/wp\/v2\/media?parent=917"}],"curies":[{"name":"wp","href":"https:\/\/api.w.org\/{rel}","templated":true}]}}