{"id":1470,"date":"2023-12-22T11:27:07","date_gmt":"2023-12-22T11:27:07","guid":{"rendered":"https:\/\/plantpowerproducts.com\/?page_id=1470"},"modified":"2024-01-15T13:08:14","modified_gmt":"2024-01-15T13:08:14","slug":"technische-informationen-zu-chitosan","status":"publish","type":"page","link":"https:\/\/plantpowerproducts.com\/de\/technische-informationen-zu-chitosan\/","title":{"rendered":"Technische Informationen zu Chitosan"},"content":{"rendered":"\n<h2 class=\"wp-block-heading\">Beschichtung von Samen oder Knollen mit Hamerol-L\u00f6sung<\/h2>\n\n\n\n<p>Chitosan erleichtert das Pflanzenwachstum, indem es die Aufnahme und Verf\u00fcgbarkeit von Wasser und wichtigen N\u00e4hrstoffen erh\u00f6ht, indem es den osmotischen Druck in den Zellen anpasst. Chitosan hat den positiven Effekt, dass es einen halbdurchl\u00e4ssigen Film auf der Oberfl\u00e4che des Samens bildet, der hilft, Feuchtigkeit im Inneren des Samens zu halten und zus\u00e4tzliche Feuchtigkeit aus dem Boden aufnehmen kann, was die Keimung des Samens f\u00f6rdert. Chitosan aktiviert hydrolytische Enzyme (wie Proteasen und Amylasen), die f\u00fcr den Abbau und die Mobilisierung von Reservenahrungsmitteln wie St\u00e4rke und Protein erforderlich sind. Chitosan kann die Teilung von Wurzelzellen f\u00f6rdern, indem es Pflanzenhormone wie Auxin und Cytokinin aktiviert, was zu einer verst\u00e4rkten Aufnahme von N\u00e4hrstoffen aus dem Boden f\u00fchrt.<\/p>\n\n\n\n<h2 class=\"wp-block-heading\">Hamerol im Boden<\/h2>\n\n\n\n<p>Chitosan induziert die Bildung von Mykorrhiza-Verbindungen zwischen Pilzen und Pflanzenwurzeln sowie die Symbiose zwischen stickstoffbindenden Bakterien und Pflanzenwurzeln. Mit Hilfe von S\u00e4uren und Enzymen l\u00f6sen Mykorrhizapilze Mineralien und Spurenelemente aus Bodenpartikeln und liefern sie an die Pflanze. Entlang des gesamten Netzwerks von Mykorrhiza-F\u00e4den werden Substanzen ausgeschieden, die Nahrung f\u00fcr bestimmte Arten von Bakterien bieten. Diese spezielle Bakterienflora (PGPR = Pflanzenwachstumsf\u00f6rdernde Rhizobakterien) gibt wiederum Substanzen ab, die Pathogene um Pflanzenwurzeln herum verdr\u00e4ngen k\u00f6nnen. Die Anwesenheit von Mykorrhizen in den Wurzeln bedeutet Konkurrenz um Nahrung und Platz mit anderen (weniger n\u00fctzlichen) Eindringlingen. Es stimuliert auch das eigene Abwehrsystem der Pflanze und produziert Substanzen in den Wurzeln, die das Eindringen und die Entwicklung von Wurzelparasiten hemmen. Chitosan hat eine indirekte Kontrolleffekt durch die Stimulation von Antagonismus. Chitinase-produzierende Mikroorganismen, die in der Lage sind, die Zellwand von pathogenen Pilzen anzugreifen, werden durch die Zugabe von Chitosan stimuliert. Diese sogenannten chitinolytischen Bakterien und Pilze k\u00f6nnen Pathogene (die zum Teil aus Chitin bestehen) neutralisieren. Nachdem das Chitosan-Molek\u00fcl von der Pflanze aufgenommen wurde, f\u00f6rdert es die Produktion von Indol-3-essigs\u00e4ure und anderen Auxinen und Gibberellinen, was die Wurzelentwicklung der Pflanze f\u00f6rdert. Dies erh\u00f6ht die Resistenz der Pflanze gegen\u00fcber Trockenheit. Chitosan fungiert als nat\u00fcrlicher Chelator (Bindemittel) f\u00fcr Metalle und lebenswichtige N\u00e4hrstoffe, was die Auswaschung von zugef\u00fchrten D\u00fcngemitteln reduziert. Dieser Prozess begrenzt die Verf\u00fcgbarkeit von N\u00e4hrstoffen f\u00fcr pathogene Bakterien im Boden.<\/p>\n\n\n\n<h2 class=\"wp-block-heading\">Hamerol auf den Bl\u00e4ttern<\/h2>\n\n\n\n<p>Chitosan erh\u00f6ht in vielen F\u00e4llen den Ernteertrag, indem es den Photosyntheseindex verbessert (durch Erh\u00f6hung des Chlorophyllgehalts in den Bl\u00e4ttern). Die Spr\u00fchung mit Chitosan verbessert die Stomata-Funktion in den Bl\u00e4ttern (Spalt\u00f6ffnungen), was es der Pflanze erm\u00f6glicht, auch unter trockenen Bedingungen besser zu funktionieren, da die Stomata bei Trockenheit l\u00e4nger geschlossen bleiben. Pflanzen haben Sensoren in ihren Bl\u00e4ttern, die verschiedene Substanzen erkennen k\u00f6nnen, eine davon ist Chitin, da es der Hauptbestandteil der Zellwand von Pilzpathogenen und Insekten ist. Das Bespr\u00fchen von Bl\u00e4ttern mit Chitosan imitiert diesen Effekt und stimuliert die Pflanze zur Produktion einer Immunantwort (SAR = Systemic Acquired Resistance). Resistenzgene werden aktiviert, und Resistenzsubstanzen (Pflanzenhormone wie Salicyls\u00e4ure, Jasmons\u00e4ure und Ethylen sowie Enzyme und Proteine) werden produziert, um den Pathogenen zu neutralisieren.<\/p>\n\n\n\n<h2 class=\"wp-block-heading\">Direkte sch\u00e4dliche Wirkung von Hamerol auf Pathogene<\/h2>\n\n\n\n<p>Der Wirkungsmechanismus von Chitosan gegen Mikroorganismen umfasst sowohl intrazellul\u00e4re als auch extrazellul\u00e4re Effekte. Es werden drei Hauptmechanismen f\u00fcr die hemmende Wirkung von Chitosan unterschieden:<\/p>\n\n\n\n<ul class=\"wp-block-list\">\n<li>Die positiv geladene Aminogruppe des Chitosan-Molek\u00fcls reagiert mit der negativ geladenen Zellmembran des Mikroorganismus, was zu einem Austritt von proteinhaltigen und anderen intrazellul\u00e4ren Bestandteilen des Mikroorganismus f\u00fchrt.<\/li>\n\n\n\n<li>Chitosan wirkt als Chelatbildner, der das Zellwachstum pathogener Mikroorganismen verhindert, indem er Spurenelemente und N\u00e4hrstoffe bindet, wodurch sie dem Pathogen nicht als Nahrung zur Verf\u00fcgung stehen.<\/li>\n\n\n\n<li>Der dritte Mechanismus legt nahe, dass Chitosan mit den DNA-Gruppen des Pathogens interagieren kann, wodurch die Produktion entscheidender Proteine und Enzyme beeinflusst werden kann. Dar\u00fcber hinaus kann Chitosan die mitochondriale Funktion und die ATP-Produktion hemmen (wo die Energie f\u00fcr das Pathogen gebildet wird).<\/li>\n<\/ul>\n","protected":false},"excerpt":{"rendered":"<p>Beschichtung von Samen oder Knollen mit Hamerol-L\u00f6sung Chitosan erleichtert das Pflanzenwachstum, indem es die Aufnahme und Verf\u00fcgbarkeit von Wasser und [&hellip;]<\/p>\n","protected":false},"author":1,"featured_media":0,"parent":0,"menu_order":0,"comment_status":"closed","ping_status":"closed","template":"","meta":{"_acf_changed":false,"_seopress_robots_primary_cat":"","_seopress_titles_title":"","_seopress_titles_desc":"","_seopress_robots_index":"","footnotes":""},"class_list":["post-1470","page","type-page","status-publish","hentry"],"acf":[],"_links":{"self":[{"href":"https:\/\/plantpowerproducts.com\/de\/wp-json\/wp\/v2\/pages\/1470","targetHints":{"allow":["GET"]}}],"collection":[{"href":"https:\/\/plantpowerproducts.com\/de\/wp-json\/wp\/v2\/pages"}],"about":[{"href":"https:\/\/plantpowerproducts.com\/de\/wp-json\/wp\/v2\/types\/page"}],"author":[{"embeddable":true,"href":"https:\/\/plantpowerproducts.com\/de\/wp-json\/wp\/v2\/users\/1"}],"replies":[{"embeddable":true,"href":"https:\/\/plantpowerproducts.com\/de\/wp-json\/wp\/v2\/comments?post=1470"}],"version-history":[{"count":0,"href":"https:\/\/plantpowerproducts.com\/de\/wp-json\/wp\/v2\/pages\/1470\/revisions"}],"wp:attachment":[{"href":"https:\/\/plantpowerproducts.com\/de\/wp-json\/wp\/v2\/media?parent=1470"}],"curies":[{"name":"wp","href":"https:\/\/api.w.org\/{rel}","templated":true}]}}